{"id":3401,"date":"2023-08-26T15:41:39","date_gmt":"2023-08-26T15:41:39","guid":{"rendered":"https:\/\/labobinx.com\/home\/refund-and-return-policy\/"},"modified":"2023-08-30T23:50:27","modified_gmt":"2023-08-30T23:50:27","slug":"refund-and-return-policy","status":"publish","type":"page","link":"https:\/\/labobinx.com\/en\/home\/refund-and-return-policy\/","title":{"rendered":"Refund and Return Policy"},"content":{"rendered":"<p><a href=\"https:\/\/param.com.tr\/en\/privacy-policy\"><\/p>\n&#13;\n<p><a href=\"https:\/\/param.com.tr\/en\/privacy-policy\"><\/a><\/p>&#13;\n<p>RETURNS<\/p>&#13;\n<p>&#8212;-<\/p>&#13;\n<p>We have a 30-day return policy, which means you have 30 days after receiving your item to request a return.<\/p>&#13;\n<p>To be eligible for a return, your item must be in the same condition that you received it, unworn or unused, with tags, and in its original packaging. You&#8217;ll also need the receipt or proof of purchase.<\/p>&#13;\n<p>To start a return, you can contact us at ozgur@labobinxsmart.com. Please note that returns will need to be sent to the following address:<br\/>kartaltepe mah pembe ay sok no:15 i\u00e7 kap\u0131 no:1, Bak\u0131rk\u00f6y, \u0130stanbul, 34145, Turkey<\/p>&#13;\n<p>If your return is accepted, we\u2019ll send you a return shipping label, as well as instructions on how and where to send your package. Items sent back to us without first requesting a return will not be accepted. Please note that if your country of residence is not Turkey, shipping your goods may take longer than expected.<\/p>&#13;\n<p>You can always contact us for any return questions at ozgur@labobinxsmart.com.<\/p>&#13;\n<p>Damages and Issues<\/p>&#13;\n<p>Please inspect your order upon receipt and contact us immediately if the item is defective, damaged, or if you receive the wrong item, so that we may evaluate the issue and make it right.<br\/>Certain types of items cannot be returned, like perishable goods (such as food, flowers, or plants), custom products (such as special orders or personalized items), and personal care goods (such as beauty products). We also do not accept returns for hazardous materials, flammable liquids, or gases. Please get in touch if you have questions or concerns about your specific item.<\/p>&#13;\n<p>Unfortunately, we cannot accept returns on sale items or gift cards.<\/p>&#13;\n<p>Exchanges<\/p>&#13;\n<p>The fastest way to ensure you get what you want is to return the item you have, and once the return is accepted, make a separate purchase for the new item.<\/p>&#13;\n<p>European Union 3 day cooling off period<br\/>Notwithstanding the above, if merchandise is being shipped into the European Union, you have the right to cancel or return your order within 3 days for any reason and without justification. As above, your item must be in the same condition that you received it, unworn or unused, with tags, and in its original packaging. You\u2019ll also need the receipt or proof of purchase.<\/p>&#13;\n<p>Refunds<\/p>&#13;\n<p>We will notify you once we\u2019ve received and inspected your return to let you know if the refund was approved or not. If approved, you\u2019ll be automatically refunded on your original payment method within 10 business days. Please remember it can take some time for your bank or credit card company to process and post the refund too.<\/p>&#13;\n<p>If more than 15 business days have passed since we\u2019ve approved your return, please contact us at ozgur@labobinxsmart.com.<\/p>&#13;\n<p><a href=\"https:\/\/param.com.tr\/en\/privacy-policy\"><\/a><\/p><p><\/a><\/p>\n","protected":false},"excerpt":{"rendered":"<p>&#13; &#13; RETURNS &#13; &#8212;- &#13; We have a 30-day return policy, which means you have 30 days after receiving your item to request a return. &#13; To be eligible for a return, your item must be in the same condition that you received it, unworn or unused, with tags, and in its original packaging. [&hellip;]<\/p>\n","protected":false},"author":1,"featured_media":0,"parent":3351,"menu_order":0,"comment_status":"closed","ping_status":"closed","template":"","meta":{"_mi_skip_tracking":false,"_monsterinsights_sitenote_active":false,"_monsterinsights_sitenote_note":"","_monsterinsights_sitenote_category":0,"footnotes":""},"class_list":["post-3401","page","type-page","status-publish","hentry"],"yoast_head":"<!-- This site is optimized with the Yoast SEO Premium plugin v20.2.1 (Yoast SEO v21.3) - https:\/\/yoast.com\/wordpress\/plugins\/seo\/ -->\n<title>Refund and Return Policy - Labobinx<\/title>\n<meta name=\"robots\" content=\"index, follow, max-snippet:-1, max-image-preview:large, max-video-preview:-1\" \/>\n<link rel=\"canonical\" href=\"https:\/\/labobinx.com\/en\/home\/refund-and-return-policy\/\" \/>\n<meta property=\"og:locale\" content=\"en_US\" \/>\n<meta property=\"og:type\" content=\"article\" \/>\n<meta property=\"og:title\" content=\"Refund and Return Policy\" \/>\n<meta property=\"og:description\" content=\"&#013; &#013; RETURNS &#013; &#8212;- &#013; We have a 30-day return policy, which means you have 30 days after receiving your item to request a return. &#013; To be eligible for a return, your item must be in the same condition that you received it, unworn or unused, with tags, and in its original packaging. [&hellip;]\" \/>\n<meta property=\"og:url\" content=\"https:\/\/labobinx.com\/en\/home\/refund-and-return-policy\/\" \/>\n<meta property=\"og:site_name\" content=\"Labobinx\" \/>\n<meta property=\"article:publisher\" content=\"https:\/\/www.facebook.com\/profile.php?id=100093413475221\" \/>\n<meta property=\"article:modified_time\" content=\"2023-08-30T23:50:27+00:00\" \/>\n<meta name=\"twitter:card\" content=\"summary_large_image\" \/>\n<meta name=\"twitter:label1\" content=\"Est. reading time\" \/>\n\t<meta name=\"twitter:data1\" content=\"2 minutes\" \/>\n<script type=\"application\/ld+json\" class=\"yoast-schema-graph\">{\"@context\":\"https:\/\/schema.org\",\"@graph\":[{\"@type\":\"WebPage\",\"@id\":\"https:\/\/labobinx.com\/en\/home\/refund-and-return-policy\/\",\"url\":\"https:\/\/labobinx.com\/en\/home\/refund-and-return-policy\/\",\"name\":\"Refund and Return Policy - Labobinx\",\"isPartOf\":{\"@id\":\"https:\/\/labobinx.com\/en\/#website\"},\"datePublished\":\"2023-08-26T15:41:39+00:00\",\"dateModified\":\"2023-08-30T23:50:27+00:00\",\"breadcrumb\":{\"@id\":\"https:\/\/labobinx.com\/en\/home\/refund-and-return-policy\/#breadcrumb\"},\"inLanguage\":\"en-US\",\"potentialAction\":[{\"@type\":\"ReadAction\",\"target\":[\"https:\/\/labobinx.com\/en\/home\/refund-and-return-policy\/\"]}]},{\"@type\":\"BreadcrumbList\",\"@id\":\"https:\/\/labobinx.com\/en\/home\/refund-and-return-policy\/#breadcrumb\",\"itemListElement\":[{\"@type\":\"ListItem\",\"position\":1,\"name\":\"Homepage\",\"item\":\"https:\/\/labobinx.com\/en\/\"},{\"@type\":\"ListItem\",\"position\":2,\"name\":\"Refund and Return Policy\"}]},{\"@type\":\"WebSite\",\"@id\":\"https:\/\/labobinx.com\/en\/#website\",\"url\":\"https:\/\/labobinx.com\/en\/\",\"name\":\"Labobinx\",\"description\":\"xRoute\",\"publisher\":{\"@id\":\"https:\/\/labobinx.com\/en\/#organization\"},\"potentialAction\":[{\"@type\":\"SearchAction\",\"target\":{\"@type\":\"EntryPoint\",\"urlTemplate\":\"https:\/\/labobinx.com\/en\/?s={search_term_string}\"},\"query-input\":\"required name=search_term_string\"}],\"inLanguage\":\"en-US\"},{\"@type\":\"Organization\",\"@id\":\"https:\/\/labobinx.com\/en\/#organization\",\"name\":\"Labobin M\u00fchendislik\",\"url\":\"https:\/\/labobinx.com\/en\/\",\"logo\":{\"@type\":\"ImageObject\",\"inLanguage\":\"en-US\",\"@id\":\"https:\/\/labobinx.com\/en\/#\/schema\/logo\/image\/\",\"url\":\"https:\/\/i0.wp.com\/www.labobinx.com\/wp-content\/uploads\/2023\/01\/Labobinx-logo.png?fit=512%2C118&ssl=1\",\"contentUrl\":\"https:\/\/i0.wp.com\/www.labobinx.com\/wp-content\/uploads\/2023\/01\/Labobinx-logo.png?fit=512%2C118&ssl=1\",\"width\":512,\"height\":118,\"caption\":\"Labobin M\u00fchendislik\"},\"image\":{\"@id\":\"https:\/\/labobinx.com\/en\/#\/schema\/logo\/image\/\"},\"sameAs\":[\"https:\/\/www.facebook.com\/profile.php?id=100093413475221\",\"https:\/\/www.instagram.com\/labobinxsmart\/\"]}]}<\/script>\n<!-- \/ Yoast SEO Premium plugin. -->","yoast_head_json":{"title":"Refund and Return Policy - Labobinx","robots":{"index":"index","follow":"follow","max-snippet":"max-snippet:-1","max-image-preview":"max-image-preview:large","max-video-preview":"max-video-preview:-1"},"canonical":"https:\/\/labobinx.com\/en\/home\/refund-and-return-policy\/","og_locale":"en_US","og_type":"article","og_title":"Refund and Return Policy","og_description":"&#13; &#13; RETURNS &#13; &#8212;- &#13; We have a 30-day return policy, which means you have 30 days after receiving your item to request a return. &#13; To be eligible for a return, your item must be in the same condition that you received it, unworn or unused, with tags, and in its original packaging. [&hellip;]","og_url":"https:\/\/labobinx.com\/en\/home\/refund-and-return-policy\/","og_site_name":"Labobinx","article_publisher":"https:\/\/www.facebook.com\/profile.php?id=100093413475221","article_modified_time":"2023-08-30T23:50:27+00:00","twitter_card":"summary_large_image","twitter_misc":{"Est. reading time":"2 minutes"},"schema":{"@context":"https:\/\/schema.org","@graph":[{"@type":"WebPage","@id":"https:\/\/labobinx.com\/en\/home\/refund-and-return-policy\/","url":"https:\/\/labobinx.com\/en\/home\/refund-and-return-policy\/","name":"Refund and Return Policy - Labobinx","isPartOf":{"@id":"https:\/\/labobinx.com\/en\/#website"},"datePublished":"2023-08-26T15:41:39+00:00","dateModified":"2023-08-30T23:50:27+00:00","breadcrumb":{"@id":"https:\/\/labobinx.com\/en\/home\/refund-and-return-policy\/#breadcrumb"},"inLanguage":"en-US","potentialAction":[{"@type":"ReadAction","target":["https:\/\/labobinx.com\/en\/home\/refund-and-return-policy\/"]}]},{"@type":"BreadcrumbList","@id":"https:\/\/labobinx.com\/en\/home\/refund-and-return-policy\/#breadcrumb","itemListElement":[{"@type":"ListItem","position":1,"name":"Homepage","item":"https:\/\/labobinx.com\/en\/"},{"@type":"ListItem","position":2,"name":"Refund and Return Policy"}]},{"@type":"WebSite","@id":"https:\/\/labobinx.com\/en\/#website","url":"https:\/\/labobinx.com\/en\/","name":"Labobinx","description":"xRoute","publisher":{"@id":"https:\/\/labobinx.com\/en\/#organization"},"potentialAction":[{"@type":"SearchAction","target":{"@type":"EntryPoint","urlTemplate":"https:\/\/labobinx.com\/en\/?s={search_term_string}"},"query-input":"required name=search_term_string"}],"inLanguage":"en-US"},{"@type":"Organization","@id":"https:\/\/labobinx.com\/en\/#organization","name":"Labobin M\u00fchendislik","url":"https:\/\/labobinx.com\/en\/","logo":{"@type":"ImageObject","inLanguage":"en-US","@id":"https:\/\/labobinx.com\/en\/#\/schema\/logo\/image\/","url":"https:\/\/i0.wp.com\/www.labobinx.com\/wp-content\/uploads\/2023\/01\/Labobinx-logo.png?fit=512%2C118&ssl=1","contentUrl":"https:\/\/i0.wp.com\/www.labobinx.com\/wp-content\/uploads\/2023\/01\/Labobinx-logo.png?fit=512%2C118&ssl=1","width":512,"height":118,"caption":"Labobin M\u00fchendislik"},"image":{"@id":"https:\/\/labobinx.com\/en\/#\/schema\/logo\/image\/"},"sameAs":["https:\/\/www.facebook.com\/profile.php?id=100093413475221","https:\/\/www.instagram.com\/labobinxsmart\/"]}]}},"_links":{"self":[{"href":"https:\/\/labobinx.com\/en\/wp-json\/wp\/v2\/pages\/3401","targetHints":{"allow":["GET"]}}],"collection":[{"href":"https:\/\/labobinx.com\/en\/wp-json\/wp\/v2\/pages"}],"about":[{"href":"https:\/\/labobinx.com\/en\/wp-json\/wp\/v2\/types\/page"}],"author":[{"embeddable":true,"href":"https:\/\/labobinx.com\/en\/wp-json\/wp\/v2\/users\/1"}],"replies":[{"embeddable":true,"href":"https:\/\/labobinx.com\/en\/wp-json\/wp\/v2\/comments?post=3401"}],"version-history":[{"count":1,"href":"https:\/\/labobinx.com\/en\/wp-json\/wp\/v2\/pages\/3401\/revisions"}],"predecessor-version":[{"id":3402,"href":"https:\/\/labobinx.com\/en\/wp-json\/wp\/v2\/pages\/3401\/revisions\/3402"}],"up":[{"embeddable":true,"href":"https:\/\/labobinx.com\/en\/wp-json\/wp\/v2\/pages\/3351"}],"wp:attachment":[{"href":"https:\/\/labobinx.com\/en\/wp-json\/wp\/v2\/media?parent=3401"}],"curies":[{"name":"wp","href":"https:\/\/api.w.org\/{rel}","templated":true}]}}